{"id":114,"date":"2017-10-05T11:03:41","date_gmt":"2017-10-05T11:03:41","guid":{"rendered":"https:\/\/www.lacuevacasaeditorial.com\/quienes-somos\/"},"modified":"2017-12-06T13:33:00","modified_gmt":"2017-12-06T17:33:00","slug":"quienes-somos","status":"publish","type":"page","link":"https:\/\/www.lacuevacasaeditorial.com\/en\/quienes-somos\/","title":{"rendered":"Who we are"},"content":{"rendered":"<p><span style=\"color: #ff0000;\">En La Cueva gustan obsesivamente los libros. A\u00a0<strong>Rebeca<\/strong>\u00a0le brillan los ojos cuando entra a una imprenta.\u00a0<strong>Alejandro<\/strong>\u00a0muere y renace cada dia entre pilas de ellos: es escritor y poeta.\u00a0<strong>Felipe,\u00a0<\/strong>nuestro bookeeper, lleva cuenta de ellos cada d\u00eda. Y yo,\u00a0<strong>Diana,<\/strong>\u00a0los colecciono y los disfruto enormemente, especialmente si son de fotograf\u00eda. Amigos como Carolina Arnal, Waleska Belisario, Ricardo Armas, Antol\u00edn S\u00e1nchez, Nelson Garrido, Luis Brito (\u2020) y Dennis Frank (\u2020) nos acompa\u00f1an desde el principio de esta aventura que iniciamos en enero 2014.<\/span><\/p>\n","protected":false},"excerpt":{"rendered":"<p>En La Cueva gustan obsesivamente los libros. A\u00a0Rebeca\u00a0le brillan los ojos cuando entra a una imprenta.\u00a0Alejandro\u00a0muere y renace cada dia entre pilas de ellos: es escritor y poeta.\u00a0Felipe,\u00a0nuestro bookeeper, lleva cuenta de ellos cada d\u00eda. Y yo,\u00a0Diana,\u00a0los colecciono y los disfruto enormemente, especialmente si son de fotograf\u00eda. Amigos como Carolina Arnal, Waleska Belisario, Ricardo Armas, [&hellip;]<\/p>\n","protected":false},"author":1,"featured_media":0,"parent":0,"menu_order":1,"comment_status":"closed","ping_status":"closed","template":"page_quienes.php","meta":{"_acf_changed":false,"footnotes":""},"class_list":["post-114","page","type-page","status-publish","hentry"],"acf":[],"_links":{"self":[{"href":"https:\/\/www.lacuevacasaeditorial.com\/en\/wp-json\/wp\/v2\/pages\/114","targetHints":{"allow":["GET"]}}],"collection":[{"href":"https:\/\/www.lacuevacasaeditorial.com\/en\/wp-json\/wp\/v2\/pages"}],"about":[{"href":"https:\/\/www.lacuevacasaeditorial.com\/en\/wp-json\/wp\/v2\/types\/page"}],"author":[{"embeddable":true,"href":"https:\/\/www.lacuevacasaeditorial.com\/en\/wp-json\/wp\/v2\/users\/1"}],"replies":[{"embeddable":true,"href":"https:\/\/www.lacuevacasaeditorial.com\/en\/wp-json\/wp\/v2\/comments?post=114"}],"version-history":[{"count":9,"href":"https:\/\/www.lacuevacasaeditorial.com\/en\/wp-json\/wp\/v2\/pages\/114\/revisions"}],"predecessor-version":[{"id":1031,"href":"https:\/\/www.lacuevacasaeditorial.com\/en\/wp-json\/wp\/v2\/pages\/114\/revisions\/1031"}],"wp:attachment":[{"href":"https:\/\/www.lacuevacasaeditorial.com\/en\/wp-json\/wp\/v2\/media?parent=114"}],"curies":[{"name":"wp","href":"https:\/\/api.w.org\/{rel}","templated":true}]}}